{"id":2,"date":"2016-05-10T03:48:21","date_gmt":"2016-05-10T03:48:21","guid":{"rendered":"https:\/\/reiterverein-wachtendonk.de\/?page_id=2"},"modified":"2025-06-30T14:58:12","modified_gmt":"2025-06-30T14:58:12","slug":"2-2","status":"publish","type":"page","link":"https:\/\/reiterverein-wachtendonk.de\/","title":{"rendered":"Sommerturnier 2025"},"content":{"rendered":"\n<h2 class=\"wp-block-heading\">Gewinner Tombola Lose 2025<\/h2>\n\n\n\n<p>gr\u00fcn 070<br>gr\u00fcn 052<br>blau 602<br>gr\u00fcn 257<br>gr\u00fcn 272<br>blau 366<br>blau 395<br>gr\u00fcn 280<br>blau 522<br>blau 598<br>blau 599<br>gr\u00fcn 78<br>blau 362<br>gr\u00fcn 282<\/p>\n\n\n\n<p>Die Preise k\u00f6nnen nach Absprache bei Julia Lingen (0173 \/ 6460485) abgeholt werden.<\/p>\n\n\n\n<h2 class=\"wp-block-heading\">Zeiteinteilung <\/h2>\n\n\n\n<figure class=\"wp-block-image size-large\"><img loading=\"lazy\" decoding=\"async\" width=\"794\" height=\"1024\" src=\"https:\/\/reiterverein-wachtendonk.de\/wp-content\/uploads\/2025\/06\/zeiteinteilung_2025-794x1024.jpg\" alt=\"\" class=\"wp-image-257\" srcset=\"https:\/\/reiterverein-wachtendonk.de\/wp-content\/uploads\/2025\/06\/zeiteinteilung_2025-794x1024.jpg 794w, https:\/\/reiterverein-wachtendonk.de\/wp-content\/uploads\/2025\/06\/zeiteinteilung_2025-233x300.jpg 233w, https:\/\/reiterverein-wachtendonk.de\/wp-content\/uploads\/2025\/06\/zeiteinteilung_2025-768x991.jpg 768w, https:\/\/reiterverein-wachtendonk.de\/wp-content\/uploads\/2025\/06\/zeiteinteilung_2025.jpg 1038w\" sizes=\"auto, (max-width: 794px) 100vw, 794px\" \/><\/figure>\n\n\n\n<div style=\"height:50px\" aria-hidden=\"true\" class=\"wp-block-spacer\"><\/div>\n\n\n\n<figure class=\"wp-block-image size-full is-resized\"><img loading=\"lazy\" decoding=\"async\" width=\"683\" height=\"1024\" src=\"https:\/\/reiterverein-wachtendonk.de\/wp-content\/uploads\/2023\/06\/Stadtmeisterschaft_Wachtendonk.jpg\" alt=\"Stadtmeisterschaft Wachtendonk\" class=\"wp-image-231\" style=\"width:512px;height:768px\" srcset=\"https:\/\/reiterverein-wachtendonk.de\/wp-content\/uploads\/2023\/06\/Stadtmeisterschaft_Wachtendonk.jpg 683w, https:\/\/reiterverein-wachtendonk.de\/wp-content\/uploads\/2023\/06\/Stadtmeisterschaft_Wachtendonk-200x300.jpg 200w\" sizes=\"auto, (max-width: 683px) 100vw, 683px\" \/><\/figure>\n\n\n\n<p class=\"has-small-font-size\">Stadtmeisterin in der A-Dressur Astrid Bachstein auf Caruso (Fotografin: Anne Pauen)<\/p>\n\n\n\n<h2 class=\"wp-block-heading\"><strong><strong>Dressur- und Springturnier mit Stadtmeisterschaft in Wachtendonk<\/strong><\/strong><\/h2>\n\n\n\n<p><strong>Am 24. und 25. Juni fand auf der Reitanlage der Familie Priehsen das traditionelle Sommerturnier des Reiterverein Jan van Werth 1899 e.V. Wachtendonk statt.<\/strong><\/p>\n\n\n\n<p>Insgesamt waren es 544 Nennungen, die f\u00fcr die 23 ausgeschriebenen Pr\u00fcfungen eingegangen waren. Mit einem Pr\u00fcfungsmix vom F\u00fchrz\u00fcgelwettbewerb \u00fcber Springpr\u00fcfungen bis Klasse L und Dressurpr\u00fcfungen bis Klasse M konnten die Besucher an zwei Tagen wieder spannenden Reitsport anschauen.<\/p>\n\n\n\n<p>Am Samstag konnte Finja Honold auf Sunny Day mit einer Wertnote von 6,5 die Dressurreiterpr\u00fcfung der Klasse M* f\u00fcr sich entscheiden. Traditionell fanden am Sonntag die Pr\u00fcfungen mit Wertung zur Stadtmeisterschaft statt. Hier konnten Astrid Bachstein auf Caruso in der A-Dressur und Johannes Laps mit Casara im L-Springen die Stadtmeisterschaft f\u00fcr sich entscheiden.<\/p>\n\n\n\n<p>Die Springpr\u00fcfung mit steigenden Anforderungen der Klasse L bildetet den Abschluss des Turniers. Patricia Steinhilber war mit Colanda und einem fehlerfreien Ritt siegreich. Im Anschluss wurden die Stadtmeister des Jahres 2023 geehrt.&nbsp;Die Ehrung der Stadtmeister wurde von Mathias K\u00fcppers (Ortsvorsteher aus Wankum) in Vertretung f\u00fcr den B\u00fcrgermeister Paul Hoene und Julia Lingen (1. Vorsitzende Reiterverein Jan van Werth) vorgenommen.<\/p>\n\n\n\n<p>Ein gro\u00dfer Dank geht an Henning Priehsen, der zusammen mit seinem Team, die Anlage wieder in einem Top-Zustand hergerichtet hat.&nbsp;<\/p>\n\n\n\n<div class=\"wp-block-buttons is-content-justification-center is-layout-flex wp-container-core-buttons-is-layout-16018d1d wp-block-buttons-is-layout-flex\">\n<div class=\"wp-block-button\"><a class=\"wp-block-button__link has-dark-gray-background-color has-background has-text-align-left wp-element-button\" href=\"https:\/\/results.equi-score.de\/event\/2023\/23276\/de\" target=\"_blank\" rel=\"noreferrer noopener\">Ergebnisse ansehen<\/a><\/div>\n<\/div>\n\n\n\n<div style=\"height:25px\" aria-hidden=\"true\" class=\"wp-block-spacer\"><\/div>\n\n\n\n<figure class=\"wp-block-image size-large\"><img loading=\"lazy\" decoding=\"async\" width=\"1024\" height=\"683\" src=\"https:\/\/reiterverein-wachtendonk.de\/wp-content\/uploads\/2022\/07\/IMG_3975-Kopie-1-1024x683.jpg\" alt=\"sommerturnier 2022\" class=\"wp-image-217\" srcset=\"https:\/\/reiterverein-wachtendonk.de\/wp-content\/uploads\/2022\/07\/IMG_3975-Kopie-1-1024x683.jpg 1024w, https:\/\/reiterverein-wachtendonk.de\/wp-content\/uploads\/2022\/07\/IMG_3975-Kopie-1-300x200.jpg 300w, https:\/\/reiterverein-wachtendonk.de\/wp-content\/uploads\/2022\/07\/IMG_3975-Kopie-1-768x512.jpg 768w, https:\/\/reiterverein-wachtendonk.de\/wp-content\/uploads\/2022\/07\/IMG_3975-Kopie-1-1536x1024.jpg 1536w, https:\/\/reiterverein-wachtendonk.de\/wp-content\/uploads\/2022\/07\/IMG_3975-Kopie-1-2048x1366.jpg 2048w\" sizes=\"auto, (max-width: 1024px) 100vw, 1024px\" \/><\/figure>\n\n\n\n<h2 class=\"wp-block-heading\"><strong>Wachtendonk ehrt seine Stadtmeister<\/strong><\/h2>\n\n\n\n<p><strong>Nach dreij\u00e4hriger Pause veranstaltete der Reiterverein Jan van Werth 1899 e.V. vom 25.06.-26.06.2022 wieder ein Sommerturnier auf dem Priehsenhof. Sowohl im Springen als auch in der Dressur fanden Pr\u00fcfungen bis zur Klasse M statt.<\/strong><\/p>\n\n\n\n<p>Das Turnier wurde erstmalig vom \u00fcberwiegend neu besetzten Vorstand organisiert. \u201eAlle Reiter und Zuschauer konnten wieder Turnieratmosph\u00e4re, ohne Corona-Auflagen, erleben. F\u00fcr uns war es ein gelungenes Turnier, auf das wir aufbauen k\u00f6nnen\u201c, freut sich Turnierleiterin und 1. Vorsitzende Julia Lingen. Neben dem bekannten Rahmenprogramm&nbsp;gab es in diesem Jahr erstmalig eine gro\u00dfe Tombola.&nbsp;<\/p>\n\n\n\n<p>In der Dressurreiterpr\u00fcfung Kl. M* sicherte sich Katharina K\u00f6ntges vom RC St. Georg G\u00fcnhoven e.V. mit ihrem Pferd Nee M\u00e4xchen den Sieg. Patrizia Jentges vom RFV Lobberich 1926 war mit Con Dios siegreich in der Springpr\u00fcfung Kl. M* m. Siegerrunde.<\/p>\n\n\n\n<p>Zu den Highlights des Wochenendes z\u00e4hlte mitunter auch die Wertung zur Wachtendonker Stadtmeisterschaft.&nbsp;Das jeweils beste Stammmitglied des RV Jan van Werth 1899 e.V. Wachtendonk bzw. Prinz zu Hohenlohe Wankum oder der bestplatzierte Teilnehmer mit Wohnsitz in Wachtendonk wird Stadtmeister.&nbsp;Ausgeritten werden diese in der Dressur Klasse A, im Springen Klasse A und im Springen Klasse L.<\/p>\n\n\n\n<p>Die Stadtmeisterehrung am Sonntagnachmittag wurde \u00fcbernommen vom Wachtendonker B\u00fcrgermeister Paul Hoene und Astrid Koehnen, 2. Vorsitzende des RV Jan van Werth 1899 e.V.. Franziska Heyne (Wohnsitz Wachtendonk \/ RV Graf Holk e.V. Grefrath) konnte sich in der A-Dressur mit ihrem Pferd Aurelius vor dem Moore den Titel in der A-Dressur sichern. Im A-Springen ist Julia Lingen neue Stadtmeisterin und im L-Springen Johannes Laps (beide RV Jan van Werth 1899 e.V. Wachtendonk).<\/p>\n\n\n\n<p>\u201eEin besonderer Dank geht an Familie Priehsen, die ihre Reitanlage f\u00fcr das Turnier zur Verf\u00fcgung gestellt und beste Bedingungen f\u00fcr Reiter und Pferde geschaffen hat.\u201c, betont Julia Lingen. \u201eAber auch allen Sponsoren und Helfern, an den Turniertagen und der m\u00fchevollen Vorbereitung, m\u00f6chten wir Danke sagen. Ohne sie k\u00f6nnten wir ein solches Turnier nicht bewerkstelligen.\u201c<\/p>\n\n\n\n<div class=\"wp-block-buttons is-content-justification-left is-layout-flex wp-container-core-buttons-is-layout-fdcfc74e wp-block-buttons-is-layout-flex\">\n<div class=\"wp-block-button aligncenter\"><a class=\"wp-block-button__link has-dark-gray-background-color has-background wp-element-button\" href=\"https:\/\/reiterverein-wachtendonk.de\/wp-content\/uploads\/2022\/06\/ergebnisse-reitturnier-25.-26.06.2022.pdf\" target=\"_blank\" rel=\"noreferrer noopener\">Download Ergebnisse<\/a><\/div>\n<\/div>\n\n\n\n<figure class=\"wp-block-gallery has-nested-images columns-2 is-cropped wp-block-gallery-1 is-layout-flex wp-block-gallery-is-layout-flex\">\n<figure class=\"wp-block-image size-large\"><img loading=\"lazy\" decoding=\"async\" width=\"1024\" height=\"683\" data-id=\"204\" src=\"https:\/\/reiterverein-wachtendonk.de\/wp-content\/uploads\/2022\/07\/IMG_2448-Kopie-1024x683.jpg\" alt=\"sommerturnier 2022\" class=\"wp-image-204\" srcset=\"https:\/\/reiterverein-wachtendonk.de\/wp-content\/uploads\/2022\/07\/IMG_2448-Kopie-1024x683.jpg 1024w, https:\/\/reiterverein-wachtendonk.de\/wp-content\/uploads\/2022\/07\/IMG_2448-Kopie-300x200.jpg 300w, https:\/\/reiterverein-wachtendonk.de\/wp-content\/uploads\/2022\/07\/IMG_2448-Kopie-768x512.jpg 768w, https:\/\/reiterverein-wachtendonk.de\/wp-content\/uploads\/2022\/07\/IMG_2448-Kopie-1536x1024.jpg 1536w, https:\/\/reiterverein-wachtendonk.de\/wp-content\/uploads\/2022\/07\/IMG_2448-Kopie-2048x1365.jpg 2048w\" sizes=\"auto, (max-width: 1024px) 100vw, 1024px\" \/><\/figure>\n\n\n\n<figure class=\"wp-block-image size-large\"><img loading=\"lazy\" decoding=\"async\" width=\"2560\" height=\"1707\" data-id=\"205\" src=\"https:\/\/reiterverein-wachtendonk.de\/wp-content\/uploads\/2022\/07\/IMG_2535-Kopie-scaled.jpg\" alt=\"sommerturnier 2022\" class=\"wp-image-205\" srcset=\"https:\/\/reiterverein-wachtendonk.de\/wp-content\/uploads\/2022\/07\/IMG_2535-Kopie-scaled.jpg 2560w, https:\/\/reiterverein-wachtendonk.de\/wp-content\/uploads\/2022\/07\/IMG_2535-Kopie-300x200.jpg 300w, https:\/\/reiterverein-wachtendonk.de\/wp-content\/uploads\/2022\/07\/IMG_2535-Kopie-1024x683.jpg 1024w, https:\/\/reiterverein-wachtendonk.de\/wp-content\/uploads\/2022\/07\/IMG_2535-Kopie-768x512.jpg 768w, https:\/\/reiterverein-wachtendonk.de\/wp-content\/uploads\/2022\/07\/IMG_2535-Kopie-1536x1024.jpg 1536w, https:\/\/reiterverein-wachtendonk.de\/wp-content\/uploads\/2022\/07\/IMG_2535-Kopie-2048x1365.jpg 2048w\" sizes=\"auto, (max-width: 2560px) 100vw, 2560px\" \/><\/figure>\n\n\n\n<figure class=\"wp-block-image size-large\"><img loading=\"lazy\" decoding=\"async\" width=\"2560\" height=\"1707\" data-id=\"207\" src=\"https:\/\/reiterverein-wachtendonk.de\/wp-content\/uploads\/2022\/07\/IMG_3001-Kopie-scaled.jpg\" alt=\"sommerturnier 2022\" class=\"wp-image-207\" srcset=\"https:\/\/reiterverein-wachtendonk.de\/wp-content\/uploads\/2022\/07\/IMG_3001-Kopie-scaled.jpg 2560w, https:\/\/reiterverein-wachtendonk.de\/wp-content\/uploads\/2022\/07\/IMG_3001-Kopie-300x200.jpg 300w, https:\/\/reiterverein-wachtendonk.de\/wp-content\/uploads\/2022\/07\/IMG_3001-Kopie-1024x683.jpg 1024w, https:\/\/reiterverein-wachtendonk.de\/wp-content\/uploads\/2022\/07\/IMG_3001-Kopie-768x512.jpg 768w, https:\/\/reiterverein-wachtendonk.de\/wp-content\/uploads\/2022\/07\/IMG_3001-Kopie-1536x1024.jpg 1536w, https:\/\/reiterverein-wachtendonk.de\/wp-content\/uploads\/2022\/07\/IMG_3001-Kopie-2048x1365.jpg 2048w\" sizes=\"auto, (max-width: 2560px) 100vw, 2560px\" \/><\/figure>\n\n\n\n<figure class=\"wp-block-image size-large\"><img loading=\"lazy\" decoding=\"async\" width=\"2500\" height=\"1667\" data-id=\"210\" src=\"https:\/\/reiterverein-wachtendonk.de\/wp-content\/uploads\/2022\/07\/IMG_2959-Kopie-1.jpg\" alt=\"sommerturnier 2022\" class=\"wp-image-210\" srcset=\"https:\/\/reiterverein-wachtendonk.de\/wp-content\/uploads\/2022\/07\/IMG_2959-Kopie-1.jpg 2500w, https:\/\/reiterverein-wachtendonk.de\/wp-content\/uploads\/2022\/07\/IMG_2959-Kopie-1-300x200.jpg 300w, https:\/\/reiterverein-wachtendonk.de\/wp-content\/uploads\/2022\/07\/IMG_2959-Kopie-1-1024x683.jpg 1024w, https:\/\/reiterverein-wachtendonk.de\/wp-content\/uploads\/2022\/07\/IMG_2959-Kopie-1-768x512.jpg 768w, https:\/\/reiterverein-wachtendonk.de\/wp-content\/uploads\/2022\/07\/IMG_2959-Kopie-1-1536x1024.jpg 1536w, https:\/\/reiterverein-wachtendonk.de\/wp-content\/uploads\/2022\/07\/IMG_2959-Kopie-1-2048x1366.jpg 2048w\" sizes=\"auto, (max-width: 2500px) 100vw, 2500px\" \/><\/figure>\n\n\n\n<figure class=\"wp-block-image size-large\"><img loading=\"lazy\" decoding=\"async\" width=\"2500\" height=\"1667\" data-id=\"211\" src=\"https:\/\/reiterverein-wachtendonk.de\/wp-content\/uploads\/2022\/07\/IMG_3090-Kopie-1.jpg\" alt=\"sommerturnier 2022\" class=\"wp-image-211\" srcset=\"https:\/\/reiterverein-wachtendonk.de\/wp-content\/uploads\/2022\/07\/IMG_3090-Kopie-1.jpg 2500w, https:\/\/reiterverein-wachtendonk.de\/wp-content\/uploads\/2022\/07\/IMG_3090-Kopie-1-300x200.jpg 300w, https:\/\/reiterverein-wachtendonk.de\/wp-content\/uploads\/2022\/07\/IMG_3090-Kopie-1-1024x683.jpg 1024w, https:\/\/reiterverein-wachtendonk.de\/wp-content\/uploads\/2022\/07\/IMG_3090-Kopie-1-768x512.jpg 768w, https:\/\/reiterverein-wachtendonk.de\/wp-content\/uploads\/2022\/07\/IMG_3090-Kopie-1-1536x1024.jpg 1536w, https:\/\/reiterverein-wachtendonk.de\/wp-content\/uploads\/2022\/07\/IMG_3090-Kopie-1-2048x1366.jpg 2048w\" sizes=\"auto, (max-width: 2500px) 100vw, 2500px\" \/><\/figure>\n\n\n\n<figure class=\"wp-block-image size-large\"><img loading=\"lazy\" decoding=\"async\" width=\"2500\" height=\"1667\" data-id=\"212\" src=\"https:\/\/reiterverein-wachtendonk.de\/wp-content\/uploads\/2022\/07\/IMG_3906-Kopie-1.jpg\" alt=\"sommerturnier 2022\" class=\"wp-image-212\" srcset=\"https:\/\/reiterverein-wachtendonk.de\/wp-content\/uploads\/2022\/07\/IMG_3906-Kopie-1.jpg 2500w, https:\/\/reiterverein-wachtendonk.de\/wp-content\/uploads\/2022\/07\/IMG_3906-Kopie-1-300x200.jpg 300w, https:\/\/reiterverein-wachtendonk.de\/wp-content\/uploads\/2022\/07\/IMG_3906-Kopie-1-1024x683.jpg 1024w, https:\/\/reiterverein-wachtendonk.de\/wp-content\/uploads\/2022\/07\/IMG_3906-Kopie-1-768x512.jpg 768w, https:\/\/reiterverein-wachtendonk.de\/wp-content\/uploads\/2022\/07\/IMG_3906-Kopie-1-1536x1024.jpg 1536w, https:\/\/reiterverein-wachtendonk.de\/wp-content\/uploads\/2022\/07\/IMG_3906-Kopie-1-2048x1366.jpg 2048w\" sizes=\"auto, (max-width: 2500px) 100vw, 2500px\" \/><\/figure>\n<\/figure>\n\n\n\n<div style=\"height:25px\" aria-hidden=\"true\" class=\"wp-block-spacer\"><\/div>\n\n\n\n<div class=\"wp-block-columns are-vertically-aligned-center is-layout-flex wp-container-core-columns-is-layout-9d6595d7 wp-block-columns-is-layout-flex\">\n<div class=\"wp-block-column is-vertically-aligned-center is-layout-flow wp-block-column-is-layout-flow\"><div class=\"wp-block-image\">\n<figure class=\"aligncenter size-full\"><a href=\"https:\/\/www.kraemer-pferdesport.de\/websale7\/?shopid=kraemer-pferdesport&amp;ref=Sponsoring\/RV_Jan_van_Werth_Wachtendonk_06_2022\" target=\"_blank\" rel=\"noreferrer noopener\"><img loading=\"lazy\" decoding=\"async\" width=\"921\" height=\"226\" src=\"https:\/\/reiterverein-wachtendonk.de\/wp-content\/uploads\/2022\/06\/Kraemer_Logo_quer.jpg\" alt=\"Kr\u00e4mer logo\" class=\"wp-image-165\" srcset=\"https:\/\/reiterverein-wachtendonk.de\/wp-content\/uploads\/2022\/06\/Kraemer_Logo_quer.jpg 921w, https:\/\/reiterverein-wachtendonk.de\/wp-content\/uploads\/2022\/06\/Kraemer_Logo_quer-300x74.jpg 300w, https:\/\/reiterverein-wachtendonk.de\/wp-content\/uploads\/2022\/06\/Kraemer_Logo_quer-768x188.jpg 768w\" sizes=\"auto, (max-width: 921px) 100vw, 921px\" \/><\/a><\/figure>\n<\/div><\/div>\n\n\n\n<div class=\"wp-block-column is-vertically-aligned-center is-layout-flow wp-block-column-is-layout-flow\"><div class=\"wp-block-image\">\n<figure class=\"aligncenter size-full\"><a href=\"https:\/\/www.ehorses.de\/?utm_source=website&amp;utm_medium=referral&amp;utm_campaign=turniersponsoring_2022\" target=\"_blank\" rel=\"noreferrer noopener\"><img loading=\"lazy\" decoding=\"async\" width=\"980\" height=\"354\" src=\"https:\/\/reiterverein-wachtendonk.de\/wp-content\/uploads\/2022\/06\/e-horses_WEB-Kopie.png\" alt=\"e-horses logo\" class=\"wp-image-164\" srcset=\"https:\/\/reiterverein-wachtendonk.de\/wp-content\/uploads\/2022\/06\/e-horses_WEB-Kopie.png 980w, https:\/\/reiterverein-wachtendonk.de\/wp-content\/uploads\/2022\/06\/e-horses_WEB-Kopie-300x108.png 300w, https:\/\/reiterverein-wachtendonk.de\/wp-content\/uploads\/2022\/06\/e-horses_WEB-Kopie-768x277.png 768w\" sizes=\"auto, (max-width: 980px) 100vw, 980px\" \/><\/a><\/figure>\n<\/div><\/div>\n\n\n\n<div class=\"wp-block-column is-vertically-aligned-center is-layout-flow wp-block-column-is-layout-flow\"><div class=\"wp-block-image\">\n<figure class=\"aligncenter size-large\"><a href=\"https:\/\/www.carubina.com\" target=\"_blank\" rel=\"noreferrer noopener\"><img loading=\"lazy\" decoding=\"async\" width=\"1024\" height=\"372\" src=\"https:\/\/reiterverein-wachtendonk.de\/wp-content\/uploads\/2022\/06\/CARUBINA_Logo-1-1-1024x372.jpg\" alt=\"carubina logo\" class=\"wp-image-163\" srcset=\"https:\/\/reiterverein-wachtendonk.de\/wp-content\/uploads\/2022\/06\/CARUBINA_Logo-1-1-1024x372.jpg 1024w, https:\/\/reiterverein-wachtendonk.de\/wp-content\/uploads\/2022\/06\/CARUBINA_Logo-1-1-300x109.jpg 300w, https:\/\/reiterverein-wachtendonk.de\/wp-content\/uploads\/2022\/06\/CARUBINA_Logo-1-1-768x279.jpg 768w, https:\/\/reiterverein-wachtendonk.de\/wp-content\/uploads\/2022\/06\/CARUBINA_Logo-1-1.jpg 1299w\" sizes=\"auto, (max-width: 1024px) 100vw, 1024px\" \/><\/a><\/figure>\n<\/div><\/div>\n<\/div>\n\n\n\n<div style=\"height:25px\" aria-hidden=\"true\" class=\"wp-block-spacer\"><\/div>\n\n\n\n<h2 class=\"wp-block-heading\">Vorstandswahlen nach zwei Jahren&#8230;.<\/h2>\n\n\n\n<figure class=\"wp-block-image size-large\"><img loading=\"lazy\" decoding=\"async\" width=\"1024\" height=\"616\" src=\"https:\/\/reiterverein-wachtendonk.de\/wp-content\/uploads\/2022\/04\/PHOTO-2022-04-01-12-45-31-1024x616.jpg\" alt=\"\" class=\"wp-image-113\" srcset=\"https:\/\/reiterverein-wachtendonk.de\/wp-content\/uploads\/2022\/04\/PHOTO-2022-04-01-12-45-31-1024x616.jpg 1024w, https:\/\/reiterverein-wachtendonk.de\/wp-content\/uploads\/2022\/04\/PHOTO-2022-04-01-12-45-31-300x180.jpg 300w, https:\/\/reiterverein-wachtendonk.de\/wp-content\/uploads\/2022\/04\/PHOTO-2022-04-01-12-45-31-768x462.jpg 768w, https:\/\/reiterverein-wachtendonk.de\/wp-content\/uploads\/2022\/04\/PHOTO-2022-04-01-12-45-31-1536x923.jpg 1536w, https:\/\/reiterverein-wachtendonk.de\/wp-content\/uploads\/2022\/04\/PHOTO-2022-04-01-12-45-31.jpg 1808w\" sizes=\"auto, (max-width: 1024px) 100vw, 1024px\" \/><\/figure>\n\n\n\n<p><\/p>\n\n\n\n<p>(Von links nach rechts: Laura Hormanns, Sarah Stammen, Franziska Heyne, Hans Theis, Astrid Koenen, Barbara Delbeck-Priehsen und Julia Lingen. Denise Ingenlath fehlt)<\/p>\n\n\n\n<p> Nach zwei Jahren Corona in der keine Generalversammlung stattfinden konnte, sind am 31.03.2022 einige Posten im Vorstand vom Reiterverein Jan van Werth 1899 e.V. Wachtendonk neu besetzt worden.<br><br>Unser langj\u00e4hriger 1. Vorsitzender Matthias Berghs stand nicht mehr zur Wahl. Daf\u00fcr wurde Julia Lingen als 1. Vorsitzende gew\u00e4hlt. Astrid Koenen wurde an ihrer Stelle zur 2. Vorsitzenden gew\u00e4hlt.<br>Hans Theis wurde in seinem Amt als 1. Kassierer best\u00e4tigt. Ihm zur Seite steht nun Laura Hormanns.<br>Sarah Stammen wurde zur Freizeitbeauftragten gew\u00e4hlt.<br>Barbara Delbeck-Priehsen und Franziska Heyne bleiben Satzungsgem\u00e4\u00df weiter im Amt. Denise Ingenlath ist Pressewartin und k\u00fcmmert sich um unsere Homepage.<br><br>Wir danken allen Vorstandsmitgliedern f\u00fcr ihre geleistete Arbeit und w\u00fcnschen dem neuen Vorstand eine erfolgreiche Zeit. <br><\/p>\n\n\n","protected":false},"excerpt":{"rendered":"<p>Gewinner Tombola Lose 2025 gr\u00fcn 070gr\u00fcn 052blau 602gr\u00fcn 257gr\u00fcn 272blau 366blau 395gr\u00fcn 280blau 522blau 598blau 599gr\u00fcn 78blau 362gr\u00fcn 282 Die Preise k\u00f6nnen nach Absprache bei Julia Lingen (0173 \/ 6460485) abgeholt werden. Zeiteinteilung Stadtmeisterin in<\/p>\n","protected":false},"author":2,"featured_media":0,"parent":0,"menu_order":0,"comment_status":"closed","ping_status":"closed","template":"","meta":{"footnotes":""},"class_list":["post-2","page","type-page","status-publish","hentry"],"_links":{"self":[{"href":"https:\/\/reiterverein-wachtendonk.de\/index.php?rest_route=\/wp\/v2\/pages\/2","targetHints":{"allow":["GET"]}}],"collection":[{"href":"https:\/\/reiterverein-wachtendonk.de\/index.php?rest_route=\/wp\/v2\/pages"}],"about":[{"href":"https:\/\/reiterverein-wachtendonk.de\/index.php?rest_route=\/wp\/v2\/types\/page"}],"author":[{"embeddable":true,"href":"https:\/\/reiterverein-wachtendonk.de\/index.php?rest_route=\/wp\/v2\/users\/2"}],"replies":[{"embeddable":true,"href":"https:\/\/reiterverein-wachtendonk.de\/index.php?rest_route=%2Fwp%2Fv2%2Fcomments&post=2"}],"version-history":[{"count":75,"href":"https:\/\/reiterverein-wachtendonk.de\/index.php?rest_route=\/wp\/v2\/pages\/2\/revisions"}],"predecessor-version":[{"id":264,"href":"https:\/\/reiterverein-wachtendonk.de\/index.php?rest_route=\/wp\/v2\/pages\/2\/revisions\/264"}],"wp:attachment":[{"href":"https:\/\/reiterverein-wachtendonk.de\/index.php?rest_route=%2Fwp%2Fv2%2Fmedia&parent=2"}],"curies":[{"name":"wp","href":"https:\/\/api.w.org\/{rel}","templated":true}]}}